{"id":30,"date":"2019-02-28T19:36:22","date_gmt":"2019-02-28T19:36:22","guid":{"rendered":"http:\/\/gabriellekrueger.de\/?page_id=30"},"modified":"2025-11-10T21:13:17","modified_gmt":"2025-11-10T21:13:17","slug":"ueber-mich","status":"publish","type":"page","link":"https:\/\/gabriellekrueger.de\/?page_id=30","title":{"rendered":"\u00dcber mich"},"content":{"rendered":"\n<div class=\"wp-block-image\"><figure class=\"aligncenter is-resized\"><img loading=\"lazy\" src=\"https:\/\/gabriellekrueger.de\/wp-content\/uploads\/2019\/03\/Bildschirmfoto-2019-03-19-um-21.22.53.png\" alt=\"\" class=\"wp-image-162\" width=\"953\" height=\"470\" srcset=\"https:\/\/gabriellekrueger.de\/wp-content\/uploads\/2019\/03\/Bildschirmfoto-2019-03-19-um-21.22.53.png 953w, https:\/\/gabriellekrueger.de\/wp-content\/uploads\/2019\/03\/Bildschirmfoto-2019-03-19-um-21.22.53-300x148.png 300w, https:\/\/gabriellekrueger.de\/wp-content\/uploads\/2019\/03\/Bildschirmfoto-2019-03-19-um-21.22.53-768x380.png 768w\" sizes=\"(max-width: 953px) 100vw, 953px\" \/><figcaption>Arbeiten von Aufenthalten an den Akademien<\/figcaption><\/figure><\/div>\n\n\n\n<p class=\"has-text-align-left has-text-color has-background\" style=\"background-color:#74776f;color:#dfd8b9\">Werdegang<\/p>\n\n\n\n<p><\/p>\n\n\n\n<p class=\"has-text-align-left has-text-color has-background\" style=\"background-color:#74776f;color:#dfd8b9\">Studium Kunst f\u00fcrs Lehramt.  Davor fr\u00fchzeitigen privaten Unterricht im akademischen  Portraitzeichnen.                                                                                                                                                                                                             Eigene k\u00fcnstlerische Weiterbildung  u.a.  an der Europ\u00e4ischen Kunstakademie  in Trier bei Prof. Kremer (Portrait) ,  und beim Maler  Thomas S. Buechner, New York.  Immer auf der Suche  nach den besten realistischen Malern unserer Zeit,  in der Folge  Malen mit Vertretern der Norddeutschen Realisten. &#8211;  In den letzten Jahren,  und auf der Suche nach dem Wissen der alten Meister,  waren die Aufenthalte in Z\u00fcrich (Zeichnen nach Bargue),  in den Niederlanden mit Nicholas Beer vom Sarum Studio Salisbury, England (Portrait in Sight Size),  &#8211; aber vor allem  die regelm\u00e4ssigen Aufenthalte  an der Florence Academy of Art  und der Paris Academy of Art  sehr wichtig f\u00fcr den eigenen Fortschritt.  Pr\u00e4gend waren Begegnungen mit K\u00fcnstlern wie  Daniel Graves, Juliette Aristides, Tanvi Pathare, Shane Wolf u.a.  <\/p>\n\n\n\n<p class=\"has-text-color\" style=\"color:#e2d7c2\">Ich f\u00fchle mich der Tradition des akademischen Realismus verpflichtet, der sich an der sichtbaren Wirklichkeit orientiert. Danach habe ich die Orte und K\u00fcnstler gew\u00e4hlt, von denen ich lernen wollte.<\/p>\n\n\n\n<p class=\"has-text-color\" style=\"color:#e2d7c2\">Immer war es zuerst die konsequente Beherrschung der Mittel beim Arbeiten nach der Natur, und das Abbilden-K\u00f6nnen. DARA in Haarlem nennt es kurz: &#8222;Technique Before Style&#8220;.  Meine Techniken sind dementsprechend klassisch &#8211; \u00d6lmalerei und Zeichnen.<\/p>\n\n\n\n<p class=\"has-text-color\" style=\"color:#e2d7c2\">Ich biete aus diesem Wissen und K\u00f6nnen heraus auch Unterricht und Kurse an; in der Schweiz, Deutschland und Frankreich.<\/p>\n\n\n\n<p class=\"has-text-color\" style=\"color:#e2d7c2\">Neben Auftragsarbeiten und Werksverk\u00e4ufen \u00fcbernehme ich kleinere Bildrestaurationen.<\/p>\n","protected":false},"excerpt":{"rendered":"<p>Werdegang Studium Kunst f\u00fcrs Lehramt. Davor fr\u00fchzeitigen privaten Unterricht im akademischen Portraitzeichnen. Eigene k\u00fcnstlerische Weiterbildung u.a. an der Europ\u00e4ischen Kunstakademie in Trier bei Prof. Kremer (Portrait) , und beim Maler Thomas S. Buechner, New York. &hellip; <a href=\"https:\/\/gabriellekrueger.de\/?page_id=30\">Weiterlesen<\/a><\/p>\n","protected":false},"author":1,"featured_media":0,"parent":0,"menu_order":2,"comment_status":"closed","ping_status":"closed","template":"nosidebar.php","meta":[],"_links":{"self":[{"href":"https:\/\/gabriellekrueger.de\/index.php?rest_route=\/wp\/v2\/pages\/30"}],"collection":[{"href":"https:\/\/gabriellekrueger.de\/index.php?rest_route=\/wp\/v2\/pages"}],"about":[{"href":"https:\/\/gabriellekrueger.de\/index.php?rest_route=\/wp\/v2\/types\/page"}],"author":[{"embeddable":true,"href":"https:\/\/gabriellekrueger.de\/index.php?rest_route=\/wp\/v2\/users\/1"}],"replies":[{"embeddable":true,"href":"https:\/\/gabriellekrueger.de\/index.php?rest_route=%2Fwp%2Fv2%2Fcomments&post=30"}],"version-history":[{"count":31,"href":"https:\/\/gabriellekrueger.de\/index.php?rest_route=\/wp\/v2\/pages\/30\/revisions"}],"predecessor-version":[{"id":342,"href":"https:\/\/gabriellekrueger.de\/index.php?rest_route=\/wp\/v2\/pages\/30\/revisions\/342"}],"wp:attachment":[{"href":"https:\/\/gabriellekrueger.de\/index.php?rest_route=%2Fwp%2Fv2%2Fmedia&parent=30"}],"curies":[{"name":"wp","href":"https:\/\/api.w.org\/{rel}","templated":true}]}}