{"id":36,"date":"2019-03-20T21:32:03","date_gmt":"2019-03-20T21:32:03","guid":{"rendered":"http:\/\/gabriellekrueger.de\/?page_id=36"},"modified":"2025-11-10T21:27:26","modified_gmt":"2025-11-10T21:27:26","slug":"workshops","status":"publish","type":"page","link":"https:\/\/gabriellekrueger.de\/?page_id=36","title":{"rendered":"Workshops"},"content":{"rendered":"\n<p class=\"has-text-color\" style=\"color:#dfd8b9\">Ich biete regelm\u00e4ssig an den Volkshochschulen  beider Basel, Weil am Rhein  und an der Kaltenbach-Stiftung L\u00f6rrach-Stetten  Kurse in Klassischer \u00d6lmalerei an.  &#8211; Besonders empfehlenswert:  Wochenend-Kurse in Basel und L\u00f6rrach-Stetten. &#8211; Aktuell: &#8222;Wolkenbilder&#8220;, &#8222;Malen nach fotografischen Vorlagen&#8220;;  &#8211; weitere Themen sind in Arbeit.  Informationen und Anmeldung \u00fcber die jeweiligen Volkshochschulen\/ bei Atelier-Terminen bei mir &#8211; siehe Kontakt. &#8211; Die Kurse im aktuellen Semester sind ausgebucht.<\/p>\n\n\n\n<figure class=\"wp-block-image\"><img loading=\"lazy\" width=\"964\" height=\"510\" src=\"https:\/\/gabriellekrueger.de\/wp-content\/uploads\/2019\/03\/Bildschirmfoto-2019-03-19-um-20.53.35-1.png\" alt=\"\" class=\"wp-image-184\" srcset=\"https:\/\/gabriellekrueger.de\/wp-content\/uploads\/2019\/03\/Bildschirmfoto-2019-03-19-um-20.53.35-1.png 964w, https:\/\/gabriellekrueger.de\/wp-content\/uploads\/2019\/03\/Bildschirmfoto-2019-03-19-um-20.53.35-1-300x159.png 300w, https:\/\/gabriellekrueger.de\/wp-content\/uploads\/2019\/03\/Bildschirmfoto-2019-03-19-um-20.53.35-1-768x406.png 768w\" sizes=\"(max-width: 964px) 100vw, 964px\" \/><\/figure>\n\n\n\n<p class=\"has-text-color\" style=\"color:#dfd8b9\">Daneben besteht die M\u00f6glichkeit, <strong>in meinem Atelier<\/strong> im Kesselhaus in Weil am Rhein an Kursen und Workshops in kleinen Gruppen teilzunehmen. Die<strong> Einzeltermine<\/strong> sind frei w\u00e4hlbar,  Materialien f\u00fcr BeginnerInnen vorhanden und werden ausf\u00fchrlich besprochen. <strong> Aktuell f\u00fcr die \u00d6lmalerei: <\/strong>  Montagnachmittag  13:30 &#8211; 15:30 Uhr,  Mittwochnachmittag  14 &#8211; 16 Uhr, jeden 2. Samstagvormittag 10 &#8211; 13 Uhr. &#8211;<strong> In Planung: Termin  f\u00fcr Zeichner  <\/strong>&#8211;  bei Interesse bitte Bescheid geben. Eine Anmeldung ist vorab\/ gern per Mail &#8211; immer n\u00f6tig. Einzeltermine m\u00f6glich.  Bei Interesse lassen Sie sich monatlich per Newsletter \u00fcber die aktuellen Termine informieren.         <\/p>\n\n\n\n<p class=\"has-text-color\" style=\"color:#dfd8b9\"><\/p>\n","protected":false},"excerpt":{"rendered":"<p>Ich biete regelm\u00e4ssig an den Volkshochschulen beider Basel, Weil am Rhein und an der Kaltenbach-Stiftung L\u00f6rrach-Stetten Kurse in Klassischer \u00d6lmalerei an. &#8211; Besonders empfehlenswert: Wochenend-Kurse in Basel und L\u00f6rrach-Stetten. &#8211; Aktuell: &#8222;Wolkenbilder&#8220;, &#8222;Malen nach fotografischen &hellip; <a href=\"https:\/\/gabriellekrueger.de\/?page_id=36\">Weiterlesen<\/a><\/p>\n","protected":false},"author":1,"featured_media":0,"parent":0,"menu_order":7,"comment_status":"closed","ping_status":"closed","template":"nosidebar.php","meta":[],"_links":{"self":[{"href":"https:\/\/gabriellekrueger.de\/index.php?rest_route=\/wp\/v2\/pages\/36"}],"collection":[{"href":"https:\/\/gabriellekrueger.de\/index.php?rest_route=\/wp\/v2\/pages"}],"about":[{"href":"https:\/\/gabriellekrueger.de\/index.php?rest_route=\/wp\/v2\/types\/page"}],"author":[{"embeddable":true,"href":"https:\/\/gabriellekrueger.de\/index.php?rest_route=\/wp\/v2\/users\/1"}],"replies":[{"embeddable":true,"href":"https:\/\/gabriellekrueger.de\/index.php?rest_route=%2Fwp%2Fv2%2Fcomments&post=36"}],"version-history":[{"count":27,"href":"https:\/\/gabriellekrueger.de\/index.php?rest_route=\/wp\/v2\/pages\/36\/revisions"}],"predecessor-version":[{"id":348,"href":"https:\/\/gabriellekrueger.de\/index.php?rest_route=\/wp\/v2\/pages\/36\/revisions\/348"}],"wp:attachment":[{"href":"https:\/\/gabriellekrueger.de\/index.php?rest_route=%2Fwp%2Fv2%2Fmedia&parent=36"}],"curies":[{"name":"wp","href":"https:\/\/api.w.org\/{rel}","templated":true}]}}